{"id":289,"date":"2020-11-19T10:58:55","date_gmt":"2020-11-19T09:58:55","guid":{"rendered":"https:\/\/fortunasfp.es\/tuconsultorfinanciero\/?page_id=289"},"modified":"2023-04-22T12:51:00","modified_gmt":"2023-04-22T10:51:00","slug":"guia-de-planificacion-financiera","status":"publish","type":"page","link":"https:\/\/fortunasfp.es\/tuconsultorfinanciero\/guia-de-planificacion-financiera\/","title":{"rendered":"Gu\u00eda de planificaci\u00f3n financiera"},"content":{"rendered":"\t\t<div data-elementor-type=\"wp-page\" data-elementor-id=\"289\" class=\"elementor elementor-289\" data-elementor-post-type=\"page\">\n\t\t\t\t\t\t<section class=\"elementor-section elementor-top-section elementor-element elementor-element-70d848cb elementor-section-full_width elementor-section-height-default elementor-section-height-default\" data-id=\"70d848cb\" data-element_type=\"section\" data-e-type=\"section\" data-settings=\"{&quot;background_background&quot;:&quot;classic&quot;}\">\n\t\t\t\t\t\t\t<div class=\"elementor-background-overlay\"><\/div>\n\t\t\t\t\t\t\t<div class=\"elementor-container elementor-column-gap-default\">\n\t\t\t\t\t<div class=\"elementor-column elementor-col-50 elementor-top-column elementor-element elementor-element-1fdac31b\" data-id=\"1fdac31b\" data-element_type=\"column\" data-e-type=\"column\">\n\t\t\t<div class=\"elementor-widget-wrap elementor-element-populated\">\n\t\t\t\t\t\t<div class=\"elementor-element elementor-element-1dfec348 elementor-widget elementor-widget-image\" data-id=\"1dfec348\" data-element_type=\"widget\" data-e-type=\"widget\" data-widget_type=\"image.default\">\n\t\t\t\t<div class=\"elementor-widget-container\">\n\t\t\t\t\t\t\t\t\t\t\t\t\t\t\t<img fetchpriority=\"high\" decoding=\"async\" width=\"724\" height=\"1024\" src=\"https:\/\/fortunasfp.es\/tuconsultorfinanciero\/wp-content\/uploads\/2020\/09\/Portada-1-724x1024.jpg\" class=\"attachment-large size-large wp-image-259\" alt=\"\" srcset=\"https:\/\/fortunasfp.es\/tuconsultorfinanciero\/wp-content\/uploads\/2020\/09\/Portada-1-724x1024.jpg 724w, https:\/\/fortunasfp.es\/tuconsultorfinanciero\/wp-content\/uploads\/2020\/09\/Portada-1-212x300.jpg 212w, https:\/\/fortunasfp.es\/tuconsultorfinanciero\/wp-content\/uploads\/2020\/09\/Portada-1-768x1086.jpg 768w, https:\/\/fortunasfp.es\/tuconsultorfinanciero\/wp-content\/uploads\/2020\/09\/Portada-1-1086x1536.jpg 1086w, https:\/\/fortunasfp.es\/tuconsultorfinanciero\/wp-content\/uploads\/2020\/09\/Portada-1-1448x2048.jpg 1448w, https:\/\/fortunasfp.es\/tuconsultorfinanciero\/wp-content\/uploads\/2020\/09\/Portada-1-600x849.jpg 600w, https:\/\/fortunasfp.es\/tuconsultorfinanciero\/wp-content\/uploads\/2020\/09\/Portada-1-scaled.jpg 1810w\" sizes=\"(max-width: 724px) 100vw, 724px\" \/>\t\t\t\t\t\t\t\t\t\t\t\t\t\t\t<\/div>\n\t\t\t\t<\/div>\n\t\t\t\t\t<\/div>\n\t\t<\/div>\n\t\t\t\t<div class=\"elementor-column elementor-col-50 elementor-top-column elementor-element elementor-element-5f7755f3\" data-id=\"5f7755f3\" data-element_type=\"column\" data-e-type=\"column\">\n\t\t\t<div class=\"elementor-widget-wrap elementor-element-populated\">\n\t\t\t\t\t\t<div class=\"elementor-element elementor-element-1fae7807 elementor-widget elementor-widget-heading\" data-id=\"1fae7807\" data-element_type=\"widget\" data-e-type=\"widget\" data-widget_type=\"heading.default\">\n\t\t\t\t<div class=\"elementor-widget-container\">\n\t\t\t\t\t<div class=\"elementor-heading-title elementor-size-small\">GU\u00cdA SOBRE PLANIFICACI\u00d3N FINANCIERA<\/div>\t\t\t\t<\/div>\n\t\t\t\t<\/div>\n\t\t\t\t<div class=\"elementor-element elementor-element-509db155 elementor-widget elementor-widget-heading\" data-id=\"509db155\" data-element_type=\"widget\" data-e-type=\"widget\" data-widget_type=\"heading.default\">\n\t\t\t\t<div class=\"elementor-widget-container\">\n\t\t\t\t\t<h2 class=\"elementor-heading-title elementor-size-default\">Consigue tener una correcta planificaci\u00f3n de tu dinero para que puedas dormir tranquil@ sin tener la mente pensando en situaciones como estas:<\/h2>\t\t\t\t<\/div>\n\t\t\t\t<\/div>\n\t\t\t\t<div class=\"elementor-element elementor-element-6a1e477f elementor-icon-list--layout-traditional elementor-list-item-link-full_width elementor-widget elementor-widget-icon-list\" data-id=\"6a1e477f\" data-element_type=\"widget\" data-e-type=\"widget\" data-widget_type=\"icon-list.default\">\n\t\t\t\t<div class=\"elementor-widget-container\">\n\t\t\t\t\t\t\t<ul class=\"elementor-icon-list-items\">\n\t\t\t\t\t\t\t<li class=\"elementor-icon-list-item\">\n\t\t\t\t\t\t\t\t\t\t\t<span class=\"elementor-icon-list-icon\">\n\t\t\t\t\t\t\t<i aria-hidden=\"true\" class=\"fas fa-check\"><\/i>\t\t\t\t\t\t<\/span>\n\t\t\t\t\t\t\t\t\t\t<span class=\"elementor-icon-list-text\">Poder tener una cantidad de dinero para cualquier imprevisto<\/span>\n\t\t\t\t\t\t\t\t\t<\/li>\n\t\t\t\t\t\t\t\t<li class=\"elementor-icon-list-item\">\n\t\t\t\t\t\t\t\t\t\t\t<span class=\"elementor-icon-list-icon\">\n\t\t\t\t\t\t\t<i aria-hidden=\"true\" class=\"fas fa-check\"><\/i>\t\t\t\t\t\t<\/span>\n\t\t\t\t\t\t\t\t\t\t<span class=\"elementor-icon-list-text\">Tener cubierto el futuro de tus hijos o tu propio futuro<\/span>\n\t\t\t\t\t\t\t\t\t<\/li>\n\t\t\t\t\t\t\t\t<li class=\"elementor-icon-list-item\">\n\t\t\t\t\t\t\t\t\t\t\t<span class=\"elementor-icon-list-icon\">\n\t\t\t\t\t\t\t<i aria-hidden=\"true\" class=\"fas fa-check\"><\/i>\t\t\t\t\t\t<\/span>\n\t\t\t\t\t\t\t\t\t\t<span class=\"elementor-icon-list-text\">Estar tranqui@ por tu jubilaci\u00f3n<\/span>\n\t\t\t\t\t\t\t\t\t<\/li>\n\t\t\t\t\t\t<\/ul>\n\t\t\t\t\t\t<\/div>\n\t\t\t\t<\/div>\n\t\t\t\t<div class=\"elementor-element elementor-element-303e191 elementor-widget elementor-widget-heading\" data-id=\"303e191\" data-element_type=\"widget\" data-e-type=\"widget\" data-widget_type=\"heading.default\">\n\t\t\t\t<div class=\"elementor-widget-container\">\n\t\t\t\t\t<h2 class=\"elementor-heading-title elementor-size-default\">Te recomiendo que comiences a trabajar en una buena planificaci\u00f3n financiera y el primer paso para conseguirlo es esta <b>gu\u00eda de planificaci\u00f3n financiera<\/b> \u00bfComenzamos?<\/h2>\t\t\t\t<\/div>\n\t\t\t\t<\/div>\n\t\t\t\t<div class=\"elementor-element elementor-element-209ac757 elementor-align-left elementor-mobile-align-justify elementor-widget elementor-widget-button\" data-id=\"209ac757\" data-element_type=\"widget\" data-e-type=\"widget\" data-widget_type=\"button.default\">\n\t\t\t\t<div class=\"elementor-widget-container\">\n\t\t\t\t\t\t\t\t\t<div class=\"elementor-button-wrapper\">\n\t\t\t\t\t<a class=\"elementor-button elementor-button-link elementor-size-sm\" href=\"#elementor-action%3Aaction%3Dpopup%3Aopen%26settings%3DeyJpZCI6IjIyOSIsInRvZ2dsZSI6ZmFsc2V9\">\n\t\t\t\t\t\t<span class=\"elementor-button-content-wrapper\">\n\t\t\t\t\t\t<span class=\"elementor-button-icon\">\n\t\t\t\t<i aria-hidden=\"true\" class=\"fas fa-chevron-circle-down\"><\/i>\t\t\t<\/span>\n\t\t\t\t\t\t\t\t\t<span class=\"elementor-button-text\">Descargar<\/span>\n\t\t\t\t\t<\/span>\n\t\t\t\t\t<\/a>\n\t\t\t\t<\/div>\n\t\t\t\t\t\t\t\t<\/div>\n\t\t\t\t<\/div>\n\t\t\t\t\t<\/div>\n\t\t<\/div>\n\t\t\t\t\t<\/div>\n\t\t<\/section>\n\t\t\t\t<\/div>\n\t\t","protected":false},"excerpt":{"rendered":"<p>GU\u00cdA SOBRE PLANIFICACI\u00d3N FINANCIERA Consigue tener una correcta planificaci\u00f3n de tu dinero para que puedas dormir tranquil@ sin tener la mente pensando en situaciones como estas: Poder tener una cantidad de dinero para cualquier imprevisto Tener cubierto el futuro de tus hijos o tu propio futuro Estar tranqui@ por tu jubilaci\u00f3n Te recomiendo que comiences [&hellip;]<\/p>\n","protected":false},"author":1,"featured_media":0,"parent":0,"menu_order":0,"comment_status":"closed","ping_status":"closed","template":"elementor_canvas","meta":{"_monsterinsights_skip_tracking":false,"_monsterinsights_sitenote_active":false,"_monsterinsights_sitenote_note":"","_monsterinsights_sitenote_category":0,"footnotes":""},"class_list":["post-289","page","type-page","status-publish","hentry"],"yoast_head":"<!-- This site is optimized with the Yoast SEO plugin v27.3 - https:\/\/yoast.com\/product\/yoast-seo-wordpress\/ -->\n<title>Gu\u00eda de planificaci\u00f3n financiera -<\/title>\n<meta name=\"robots\" content=\"index, follow, max-snippet:-1, max-image-preview:large, max-video-preview:-1\" \/>\n<link rel=\"canonical\" href=\"https:\/\/fortunasfp.es\/tuconsultorfinanciero\/guia-de-planificacion-financiera\/\" \/>\n<meta property=\"og:locale\" content=\"es_ES\" \/>\n<meta property=\"og:type\" content=\"article\" \/>\n<meta property=\"og:title\" content=\"Gu\u00eda de planificaci\u00f3n financiera -\" \/>\n<meta property=\"og:description\" content=\"GU\u00cdA SOBRE PLANIFICACI\u00d3N FINANCIERA Consigue tener una correcta planificaci\u00f3n de tu dinero para que puedas dormir tranquil@ sin tener la mente pensando en situaciones como estas: Poder tener una cantidad de dinero para cualquier imprevisto Tener cubierto el futuro de tus hijos o tu propio futuro Estar tranqui@ por tu jubilaci\u00f3n Te recomiendo que comiences [&hellip;]\" \/>\n<meta property=\"og:url\" content=\"https:\/\/fortunasfp.es\/tuconsultorfinanciero\/guia-de-planificacion-financiera\/\" \/>\n<meta property=\"article:modified_time\" content=\"2023-04-22T10:51:00+00:00\" \/>\n<meta property=\"og:image\" content=\"https:\/\/fortunasfp.es\/tuconsultorfinanciero\/wp-content\/uploads\/2020\/09\/Portada-1-724x1024.jpg\" \/>\n<meta name=\"twitter:card\" content=\"summary_large_image\" \/>\n<meta name=\"twitter:label1\" content=\"Tiempo de lectura\" \/>\n\t<meta name=\"twitter:data1\" content=\"1 minuto\" \/>\n<script type=\"application\/ld+json\" class=\"yoast-schema-graph\">{\"@context\":\"https:\\\/\\\/schema.org\",\"@graph\":[{\"@type\":\"WebPage\",\"@id\":\"https:\\\/\\\/fortunasfp.es\\\/tuconsultorfinanciero\\\/guia-de-planificacion-financiera\\\/\",\"url\":\"https:\\\/\\\/fortunasfp.es\\\/tuconsultorfinanciero\\\/guia-de-planificacion-financiera\\\/\",\"name\":\"Gu\u00eda de planificaci\u00f3n financiera -\",\"isPartOf\":{\"@id\":\"https:\\\/\\\/fortunasfp.es\\\/tuconsultorfinanciero\\\/#website\"},\"primaryImageOfPage\":{\"@id\":\"https:\\\/\\\/fortunasfp.es\\\/tuconsultorfinanciero\\\/guia-de-planificacion-financiera\\\/#primaryimage\"},\"image\":{\"@id\":\"https:\\\/\\\/fortunasfp.es\\\/tuconsultorfinanciero\\\/guia-de-planificacion-financiera\\\/#primaryimage\"},\"thumbnailUrl\":\"https:\\\/\\\/fortunasfp.es\\\/tuconsultorfinanciero\\\/wp-content\\\/uploads\\\/2020\\\/09\\\/Portada-1-724x1024.jpg\",\"datePublished\":\"2020-11-19T09:58:55+00:00\",\"dateModified\":\"2023-04-22T10:51:00+00:00\",\"breadcrumb\":{\"@id\":\"https:\\\/\\\/fortunasfp.es\\\/tuconsultorfinanciero\\\/guia-de-planificacion-financiera\\\/#breadcrumb\"},\"inLanguage\":\"es\",\"potentialAction\":[{\"@type\":\"ReadAction\",\"target\":[\"https:\\\/\\\/fortunasfp.es\\\/tuconsultorfinanciero\\\/guia-de-planificacion-financiera\\\/\"]}]},{\"@type\":\"ImageObject\",\"inLanguage\":\"es\",\"@id\":\"https:\\\/\\\/fortunasfp.es\\\/tuconsultorfinanciero\\\/guia-de-planificacion-financiera\\\/#primaryimage\",\"url\":\"https:\\\/\\\/fortunasfp.es\\\/tuconsultorfinanciero\\\/wp-content\\\/uploads\\\/2020\\\/09\\\/Portada-1-scaled.jpg\",\"contentUrl\":\"https:\\\/\\\/fortunasfp.es\\\/tuconsultorfinanciero\\\/wp-content\\\/uploads\\\/2020\\\/09\\\/Portada-1-scaled.jpg\",\"width\":1810,\"height\":2560},{\"@type\":\"BreadcrumbList\",\"@id\":\"https:\\\/\\\/fortunasfp.es\\\/tuconsultorfinanciero\\\/guia-de-planificacion-financiera\\\/#breadcrumb\",\"itemListElement\":[{\"@type\":\"ListItem\",\"position\":1,\"name\":\"Portada\",\"item\":\"https:\\\/\\\/fortunasfp.es\\\/tuconsultorfinanciero\\\/\"},{\"@type\":\"ListItem\",\"position\":2,\"name\":\"Gu\u00eda de planificaci\u00f3n financiera\"}]},{\"@type\":\"WebSite\",\"@id\":\"https:\\\/\\\/fortunasfp.es\\\/tuconsultorfinanciero\\\/#website\",\"url\":\"https:\\\/\\\/fortunasfp.es\\\/tuconsultorfinanciero\\\/\",\"name\":\"\",\"description\":\"\",\"potentialAction\":[{\"@type\":\"SearchAction\",\"target\":{\"@type\":\"EntryPoint\",\"urlTemplate\":\"https:\\\/\\\/fortunasfp.es\\\/tuconsultorfinanciero\\\/?s={search_term_string}\"},\"query-input\":{\"@type\":\"PropertyValueSpecification\",\"valueRequired\":true,\"valueName\":\"search_term_string\"}}],\"inLanguage\":\"es\"}]}<\/script>\n<!-- \/ Yoast SEO plugin. -->","yoast_head_json":{"title":"Gu\u00eda de planificaci\u00f3n financiera -","robots":{"index":"index","follow":"follow","max-snippet":"max-snippet:-1","max-image-preview":"max-image-preview:large","max-video-preview":"max-video-preview:-1"},"canonical":"https:\/\/fortunasfp.es\/tuconsultorfinanciero\/guia-de-planificacion-financiera\/","og_locale":"es_ES","og_type":"article","og_title":"Gu\u00eda de planificaci\u00f3n financiera -","og_description":"GU\u00cdA SOBRE PLANIFICACI\u00d3N FINANCIERA Consigue tener una correcta planificaci\u00f3n de tu dinero para que puedas dormir tranquil@ sin tener la mente pensando en situaciones como estas: Poder tener una cantidad de dinero para cualquier imprevisto Tener cubierto el futuro de tus hijos o tu propio futuro Estar tranqui@ por tu jubilaci\u00f3n Te recomiendo que comiences [&hellip;]","og_url":"https:\/\/fortunasfp.es\/tuconsultorfinanciero\/guia-de-planificacion-financiera\/","article_modified_time":"2023-04-22T10:51:00+00:00","og_image":[{"url":"https:\/\/fortunasfp.es\/tuconsultorfinanciero\/wp-content\/uploads\/2020\/09\/Portada-1-724x1024.jpg","type":"","width":"","height":""}],"twitter_card":"summary_large_image","twitter_misc":{"Tiempo de lectura":"1 minuto"},"schema":{"@context":"https:\/\/schema.org","@graph":[{"@type":"WebPage","@id":"https:\/\/fortunasfp.es\/tuconsultorfinanciero\/guia-de-planificacion-financiera\/","url":"https:\/\/fortunasfp.es\/tuconsultorfinanciero\/guia-de-planificacion-financiera\/","name":"Gu\u00eda de planificaci\u00f3n financiera -","isPartOf":{"@id":"https:\/\/fortunasfp.es\/tuconsultorfinanciero\/#website"},"primaryImageOfPage":{"@id":"https:\/\/fortunasfp.es\/tuconsultorfinanciero\/guia-de-planificacion-financiera\/#primaryimage"},"image":{"@id":"https:\/\/fortunasfp.es\/tuconsultorfinanciero\/guia-de-planificacion-financiera\/#primaryimage"},"thumbnailUrl":"https:\/\/fortunasfp.es\/tuconsultorfinanciero\/wp-content\/uploads\/2020\/09\/Portada-1-724x1024.jpg","datePublished":"2020-11-19T09:58:55+00:00","dateModified":"2023-04-22T10:51:00+00:00","breadcrumb":{"@id":"https:\/\/fortunasfp.es\/tuconsultorfinanciero\/guia-de-planificacion-financiera\/#breadcrumb"},"inLanguage":"es","potentialAction":[{"@type":"ReadAction","target":["https:\/\/fortunasfp.es\/tuconsultorfinanciero\/guia-de-planificacion-financiera\/"]}]},{"@type":"ImageObject","inLanguage":"es","@id":"https:\/\/fortunasfp.es\/tuconsultorfinanciero\/guia-de-planificacion-financiera\/#primaryimage","url":"https:\/\/fortunasfp.es\/tuconsultorfinanciero\/wp-content\/uploads\/2020\/09\/Portada-1-scaled.jpg","contentUrl":"https:\/\/fortunasfp.es\/tuconsultorfinanciero\/wp-content\/uploads\/2020\/09\/Portada-1-scaled.jpg","width":1810,"height":2560},{"@type":"BreadcrumbList","@id":"https:\/\/fortunasfp.es\/tuconsultorfinanciero\/guia-de-planificacion-financiera\/#breadcrumb","itemListElement":[{"@type":"ListItem","position":1,"name":"Portada","item":"https:\/\/fortunasfp.es\/tuconsultorfinanciero\/"},{"@type":"ListItem","position":2,"name":"Gu\u00eda de planificaci\u00f3n financiera"}]},{"@type":"WebSite","@id":"https:\/\/fortunasfp.es\/tuconsultorfinanciero\/#website","url":"https:\/\/fortunasfp.es\/tuconsultorfinanciero\/","name":"","description":"","potentialAction":[{"@type":"SearchAction","target":{"@type":"EntryPoint","urlTemplate":"https:\/\/fortunasfp.es\/tuconsultorfinanciero\/?s={search_term_string}"},"query-input":{"@type":"PropertyValueSpecification","valueRequired":true,"valueName":"search_term_string"}}],"inLanguage":"es"}]}},"_links":{"self":[{"href":"https:\/\/fortunasfp.es\/tuconsultorfinanciero\/wp-json\/wp\/v2\/pages\/289","targetHints":{"allow":["GET"]}}],"collection":[{"href":"https:\/\/fortunasfp.es\/tuconsultorfinanciero\/wp-json\/wp\/v2\/pages"}],"about":[{"href":"https:\/\/fortunasfp.es\/tuconsultorfinanciero\/wp-json\/wp\/v2\/types\/page"}],"author":[{"embeddable":true,"href":"https:\/\/fortunasfp.es\/tuconsultorfinanciero\/wp-json\/wp\/v2\/users\/1"}],"replies":[{"embeddable":true,"href":"https:\/\/fortunasfp.es\/tuconsultorfinanciero\/wp-json\/wp\/v2\/comments?post=289"}],"version-history":[{"count":13,"href":"https:\/\/fortunasfp.es\/tuconsultorfinanciero\/wp-json\/wp\/v2\/pages\/289\/revisions"}],"predecessor-version":[{"id":558,"href":"https:\/\/fortunasfp.es\/tuconsultorfinanciero\/wp-json\/wp\/v2\/pages\/289\/revisions\/558"}],"wp:attachment":[{"href":"https:\/\/fortunasfp.es\/tuconsultorfinanciero\/wp-json\/wp\/v2\/media?parent=289"}],"curies":[{"name":"wp","href":"https:\/\/api.w.org\/{rel}","templated":true}]}}